{"id":534,"date":"2021-11-14T01:37:01","date_gmt":"2021-11-14T00:37:01","guid":{"rendered":"https:\/\/northernholistic.de\/impressum\/"},"modified":"2023-08-03T15:59:06","modified_gmt":"2023-08-03T13:59:06","slug":"impressum","status":"publish","type":"page","link":"https:\/\/northernholistic.de\/de\/impressum\/","title":{"rendered":"Impressum"},"content":{"rendered":"<p>[et_pb_section fb_built=&#8220;1&#8243; _builder_version=&#8220;4.16&#8243; _module_preset=&#8220;default&#8220; global_colors_info=&#8220;{}&#8220;][et_pb_row _builder_version=&#8220;4.16&#8243; _module_preset=&#8220;default&#8220; global_colors_info=&#8220;{}&#8220;][et_pb_column type=&#8220;4_4&#8243; _builder_version=&#8220;4.16&#8243; _module_preset=&#8220;default&#8220; global_colors_info=&#8220;{}&#8220;][et_pb_text _builder_version=&#8220;4.16&#8243; _module_preset=&#8220;default&#8220; global_colors_info=&#8220;{}&#8220;]<\/p>\n<h2>Diese Website wird betrieben von:<\/h2>\n<p>&nbsp;<\/p>\n<p>Herrn Gavin Thomson (Northern Holistic)<\/p>\n<p>Winterfeldstra\u00dfe 17<\/p>\n<p>Berlin 10781<\/p>\n<p>&nbsp;<\/p>\n<p>Telefon: +49 (0) 174 5409041<br \/>E-Mail: <a href=\"mailto:gavin@northernholistic.de\">gavin@northernholistic.de<\/a><\/p>\n<p>&nbsp;<\/p>\n<h2>Steuernummer<\/h2>\n<p>23\/559\/01168<\/p>\n<p>DE345067819<\/p>\n<p>&nbsp;<\/p>\n<h2>Bildnachweis<\/h2>\n<p>Das Kopieren von Texten und Bildern dieser Homepage ist nicht gestattet.<\/p>\n<p><a href=\"https:\/\/www.shutterstock.com\/de\/g\/srecka\">Albina Glisic<\/a> @ Shutterstock<\/p>\n<p>&nbsp;<\/p>\n<h2>Impressum<\/h2>\n<p>Northern Holistic hat die Website nach bestem Wissen und Gewissen erstellt. Wir sind bem\u00fcht, unsere Website aktuell, richtig und vollst\u00e4ndig zu halten. Trotzdem kann das Auftreten von Fehlern nicht vollst\u00e4ndig ausgeschlossen werden. Wir \u00fcbernehmen keine Haftung f\u00fcr die Aktualit\u00e4t, inhaltliche Richtigkeit oder Vollst\u00e4ndigkeit der auf dieser Website bereitgestellten Informationen, es sei denn, die Fehler wurden vors\u00e4tzlich oder grob fahrl\u00e4ssig gemacht. Dies bezieht sich auf eventuelle Sch\u00e4den materieller oder ideeller Art Dritter, die durch die Nutzung dieser Website verursacht wurden. Der Betreiber beh\u00e4lt es sich ausdr\u00fccklich vor, Teile der Seiten oder das gesamte Angebot ohne gesonderte Ank\u00fcndigung zu ver\u00e4ndern, zu erg\u00e4nzen, zu l\u00f6schen oder die Ver\u00f6ffentlichung zeitweise oder endg\u00fcltig einzustellen.<\/p>\n<p>&nbsp;<\/p>\n<h2>Externe Verweise und Links<\/h2>\n<p>Mit Urteil vom 12. Mai 1998 hat das LG Hamburg entschieden, dass man durch die Ausbringung eines Links die Inhalte der gelinkten Seite ggf. mit zu verantworten hat. Dies kann, so das LG, nur dadurch verhindert werden, dass man sich ausdr\u00fccklich von diesen Inhalten distanziert. Wir haben auf unseren Seiten Links zu Seiten im Internet gelegt, auf deren Inhalt und Aktualisierung wir keinen Einfluss haben. F\u00fcr all diese Links gilt: Wir haben keinen Einfluss auf Gestaltung und Inhalte fremder Webseiten. Deshalb distanzieren wir uns von allen fremden Inhalten, auch wenn auf unseren Seiten ein Link zu diesen externen Seiten gesetzt wurde. Diese Erkl\u00e4rung gilt f\u00fcr alle auf unserer Homepage angezeigten Links und f\u00fcr alle Inhalte der Seiten, zu denen die bei uns angemeldeten Banner und Links f\u00fchren.<\/p>\n<p>[\/et_pb_text][\/et_pb_column][\/et_pb_row][\/et_pb_section]<\/p>\n","protected":false},"excerpt":{"rendered":"<p>Diese Website wird betrieben von: &nbsp; Herrn Gavin Thomson (Northern Holistic) Winterfeldstra\u00dfe 17 Berlin 10781 &nbsp; Telefon: +49 (0) 174 5409041E-Mail: gavin@northernholistic.de &nbsp; Steuernummer 23\/559\/01168 DE345067819 &nbsp; Bildnachweis Das Kopieren von Texten und Bildern dieser Homepage ist nicht gestattet. Albina Glisic @ Shutterstock &nbsp; Impressum Northern Holistic hat die Website nach bestem Wissen und Gewissen [&hellip;]<\/p>\n","protected":false},"author":2,"featured_media":0,"parent":0,"menu_order":0,"comment_status":"closed","ping_status":"closed","template":"","meta":{"_et_pb_use_builder":"on","_et_pb_old_content":"","_et_gb_content_width":"","footnotes":""},"class_list":["post-534","page","type-page","status-publish","hentry"],"yoast_head":"<!-- This site is optimized with the Yoast SEO plugin v27.3 - https:\/\/yoast.com\/product\/yoast-seo-wordpress\/ -->\n<title>Impressum - Northern Holistic<\/title>\n<meta name=\"robots\" content=\"index, follow, max-snippet:-1, max-image-preview:large, max-video-preview:-1\" \/>\n<link rel=\"canonical\" href=\"https:\/\/northernholistic.de\/de\/impressum\/\" \/>\n<meta property=\"og:locale\" content=\"de_DE\" \/>\n<meta property=\"og:type\" content=\"article\" \/>\n<meta property=\"og:title\" content=\"Impressum - Northern Holistic\" \/>\n<meta property=\"og:description\" content=\"Diese Website wird betrieben von: &nbsp; Herrn Gavin Thomson (Northern Holistic) Winterfeldstra\u00dfe 17 Berlin 10781 &nbsp; Telefon: +49 (0) 174 5409041E-Mail: gavin@northernholistic.de &nbsp; Steuernummer 23\/559\/01168 DE345067819 &nbsp; Bildnachweis Das Kopieren von Texten und Bildern dieser Homepage ist nicht gestattet. Albina Glisic @ Shutterstock &nbsp; Impressum Northern Holistic hat die Website nach bestem Wissen und Gewissen [&hellip;]\" \/>\n<meta property=\"og:url\" content=\"https:\/\/northernholistic.de\/de\/impressum\/\" \/>\n<meta property=\"og:site_name\" content=\"Northern Holistic\" \/>\n<meta property=\"article:publisher\" content=\"https:\/\/www.facebook.com\/NorthernHolistic\" \/>\n<meta property=\"article:modified_time\" content=\"2023-08-03T13:59:06+00:00\" \/>\n<meta name=\"twitter:card\" content=\"summary_large_image\" \/>\n<meta name=\"twitter:label1\" content=\"Gesch\u00e4tzte Lesezeit\" \/>\n\t<meta name=\"twitter:data1\" content=\"2\u00a0Minuten\" \/>\n<script type=\"application\/ld+json\" class=\"yoast-schema-graph\">{\"@context\":\"https:\\\/\\\/schema.org\",\"@graph\":[{\"@type\":\"WebPage\",\"@id\":\"https:\\\/\\\/northernholistic.de\\\/de\\\/impressum\\\/\",\"url\":\"https:\\\/\\\/northernholistic.de\\\/de\\\/impressum\\\/\",\"name\":\"Impressum - Northern Holistic\",\"isPartOf\":{\"@id\":\"https:\\\/\\\/northernholistic.de\\\/de\\\/#website\"},\"datePublished\":\"2021-11-14T00:37:01+00:00\",\"dateModified\":\"2023-08-03T13:59:06+00:00\",\"breadcrumb\":{\"@id\":\"https:\\\/\\\/northernholistic.de\\\/de\\\/impressum\\\/#breadcrumb\"},\"inLanguage\":\"de\",\"potentialAction\":[{\"@type\":\"ReadAction\",\"target\":[\"https:\\\/\\\/northernholistic.de\\\/de\\\/impressum\\\/\"]}]},{\"@type\":\"BreadcrumbList\",\"@id\":\"https:\\\/\\\/northernholistic.de\\\/de\\\/impressum\\\/#breadcrumb\",\"itemListElement\":[{\"@type\":\"ListItem\",\"position\":1,\"name\":\"Home\",\"item\":\"https:\\\/\\\/northernholistic.de\\\/de\\\/zuhause\\\/\"},{\"@type\":\"ListItem\",\"position\":2,\"name\":\"Impressum\"}]},{\"@type\":\"WebSite\",\"@id\":\"https:\\\/\\\/northernholistic.de\\\/de\\\/#website\",\"url\":\"https:\\\/\\\/northernholistic.de\\\/de\\\/\",\"name\":\"Northern Holistic\",\"description\":\"A centre dedicated to Holistic Therapies\",\"publisher\":{\"@id\":\"https:\\\/\\\/northernholistic.de\\\/de\\\/#organization\"},\"potentialAction\":[{\"@type\":\"SearchAction\",\"target\":{\"@type\":\"EntryPoint\",\"urlTemplate\":\"https:\\\/\\\/northernholistic.de\\\/de\\\/?s={search_term_string}\"},\"query-input\":{\"@type\":\"PropertyValueSpecification\",\"valueRequired\":true,\"valueName\":\"search_term_string\"}}],\"inLanguage\":\"de\"},{\"@type\":\"Organization\",\"@id\":\"https:\\\/\\\/northernholistic.de\\\/de\\\/#organization\",\"name\":\"Northern Holistic\",\"url\":\"https:\\\/\\\/northernholistic.de\\\/de\\\/\",\"logo\":{\"@type\":\"ImageObject\",\"inLanguage\":\"de\",\"@id\":\"https:\\\/\\\/northernholistic.de\\\/de\\\/#\\\/schema\\\/logo\\\/image\\\/\",\"url\":\"https:\\\/\\\/northernholistic.de\\\/wp-content\\\/uploads\\\/2021\\\/05\\\/Noho-New-Transparent.png\",\"contentUrl\":\"https:\\\/\\\/northernholistic.de\\\/wp-content\\\/uploads\\\/2021\\\/05\\\/Noho-New-Transparent.png\",\"width\":608,\"height\":314,\"caption\":\"Northern Holistic\"},\"image\":{\"@id\":\"https:\\\/\\\/northernholistic.de\\\/de\\\/#\\\/schema\\\/logo\\\/image\\\/\"},\"sameAs\":[\"https:\\\/\\\/www.facebook.com\\\/NorthernHolistic\"]}]}<\/script>\n<!-- \/ Yoast SEO plugin. -->","yoast_head_json":{"title":"Impressum - Northern Holistic","robots":{"index":"index","follow":"follow","max-snippet":"max-snippet:-1","max-image-preview":"max-image-preview:large","max-video-preview":"max-video-preview:-1"},"canonical":"https:\/\/northernholistic.de\/de\/impressum\/","og_locale":"de_DE","og_type":"article","og_title":"Impressum - Northern Holistic","og_description":"Diese Website wird betrieben von: &nbsp; Herrn Gavin Thomson (Northern Holistic) Winterfeldstra\u00dfe 17 Berlin 10781 &nbsp; Telefon: +49 (0) 174 5409041E-Mail: gavin@northernholistic.de &nbsp; Steuernummer 23\/559\/01168 DE345067819 &nbsp; Bildnachweis Das Kopieren von Texten und Bildern dieser Homepage ist nicht gestattet. Albina Glisic @ Shutterstock &nbsp; Impressum Northern Holistic hat die Website nach bestem Wissen und Gewissen [&hellip;]","og_url":"https:\/\/northernholistic.de\/de\/impressum\/","og_site_name":"Northern Holistic","article_publisher":"https:\/\/www.facebook.com\/NorthernHolistic","article_modified_time":"2023-08-03T13:59:06+00:00","twitter_card":"summary_large_image","twitter_misc":{"Gesch\u00e4tzte Lesezeit":"2\u00a0Minuten"},"schema":{"@context":"https:\/\/schema.org","@graph":[{"@type":"WebPage","@id":"https:\/\/northernholistic.de\/de\/impressum\/","url":"https:\/\/northernholistic.de\/de\/impressum\/","name":"Impressum - Northern Holistic","isPartOf":{"@id":"https:\/\/northernholistic.de\/de\/#website"},"datePublished":"2021-11-14T00:37:01+00:00","dateModified":"2023-08-03T13:59:06+00:00","breadcrumb":{"@id":"https:\/\/northernholistic.de\/de\/impressum\/#breadcrumb"},"inLanguage":"de","potentialAction":[{"@type":"ReadAction","target":["https:\/\/northernholistic.de\/de\/impressum\/"]}]},{"@type":"BreadcrumbList","@id":"https:\/\/northernholistic.de\/de\/impressum\/#breadcrumb","itemListElement":[{"@type":"ListItem","position":1,"name":"Home","item":"https:\/\/northernholistic.de\/de\/zuhause\/"},{"@type":"ListItem","position":2,"name":"Impressum"}]},{"@type":"WebSite","@id":"https:\/\/northernholistic.de\/de\/#website","url":"https:\/\/northernholistic.de\/de\/","name":"Northern Holistic","description":"A centre dedicated to Holistic Therapies","publisher":{"@id":"https:\/\/northernholistic.de\/de\/#organization"},"potentialAction":[{"@type":"SearchAction","target":{"@type":"EntryPoint","urlTemplate":"https:\/\/northernholistic.de\/de\/?s={search_term_string}"},"query-input":{"@type":"PropertyValueSpecification","valueRequired":true,"valueName":"search_term_string"}}],"inLanguage":"de"},{"@type":"Organization","@id":"https:\/\/northernholistic.de\/de\/#organization","name":"Northern Holistic","url":"https:\/\/northernholistic.de\/de\/","logo":{"@type":"ImageObject","inLanguage":"de","@id":"https:\/\/northernholistic.de\/de\/#\/schema\/logo\/image\/","url":"https:\/\/northernholistic.de\/wp-content\/uploads\/2021\/05\/Noho-New-Transparent.png","contentUrl":"https:\/\/northernholistic.de\/wp-content\/uploads\/2021\/05\/Noho-New-Transparent.png","width":608,"height":314,"caption":"Northern Holistic"},"image":{"@id":"https:\/\/northernholistic.de\/de\/#\/schema\/logo\/image\/"},"sameAs":["https:\/\/www.facebook.com\/NorthernHolistic"]}]}},"_links":{"self":[{"href":"https:\/\/northernholistic.de\/de\/wp-json\/wp\/v2\/pages\/534","targetHints":{"allow":["GET"]}}],"collection":[{"href":"https:\/\/northernholistic.de\/de\/wp-json\/wp\/v2\/pages"}],"about":[{"href":"https:\/\/northernholistic.de\/de\/wp-json\/wp\/v2\/types\/page"}],"author":[{"embeddable":true,"href":"https:\/\/northernholistic.de\/de\/wp-json\/wp\/v2\/users\/2"}],"replies":[{"embeddable":true,"href":"https:\/\/northernholistic.de\/de\/wp-json\/wp\/v2\/comments?post=534"}],"version-history":[{"count":0,"href":"https:\/\/northernholistic.de\/de\/wp-json\/wp\/v2\/pages\/534\/revisions"}],"wp:attachment":[{"href":"https:\/\/northernholistic.de\/de\/wp-json\/wp\/v2\/media?parent=534"}],"curies":[{"name":"wp","href":"https:\/\/api.w.org\/{rel}","templated":true}]}}