{"id":493,"date":"2021-10-22T13:54:05","date_gmt":"2021-10-22T11:54:05","guid":{"rendered":"https:\/\/northernholistic.de\/kontaktiere-uns\/"},"modified":"2023-03-02T19:33:35","modified_gmt":"2023-03-02T18:33:35","slug":"kontaktiere-uns","status":"publish","type":"page","link":"https:\/\/northernholistic.de\/de\/kontaktiere-uns\/","title":{"rendered":"Kontakt"},"content":{"rendered":"<p>[et_pb_section fb_built=&#8220;1&#8243; _builder_version=&#8220;4.16&#8243; _module_preset=&#8220;default&#8220; global_colors_info=&#8220;{}&#8220;][et_pb_row column_structure=&#8220;1_2,1_2&#8243; _builder_version=&#8220;4.16&#8243; _module_preset=&#8220;default&#8220; global_colors_info=&#8220;{}&#8220;][et_pb_column type=&#8220;1_2&#8243; _builder_version=&#8220;4.16&#8243; _module_preset=&#8220;default&#8220; global_colors_info=&#8220;{}&#8220;][et_pb_blurb use_icon=&#8220;on&#8220; font_icon=&#8220;&#xe081;||divi||400&#8243; _builder_version=&#8220;4.16&#8243; _module_preset=&#8220;default&#8220; global_colors_info=&#8220;{}&#8220;]<\/p>\n<p style=\"text-align: center;\"><strong>Wir befinden uns in Berlin-Sch\u00f6neberg<\/strong><br \/><strong>Anschrift:<span> Winterfeldtstra\u00dfe 17<\/span>, 10781 Berlin<\/strong><\/p>\n<p>[\/et_pb_blurb][\/et_pb_column][et_pb_column type=&#8220;1_2&#8243; _builder_version=&#8220;4.16&#8243; _module_preset=&#8220;default&#8220; global_colors_info=&#8220;{}&#8220;][et_pb_blurb use_icon=&#8220;on&#8220; font_icon=&#8220;&#xe090;||divi||400&#8243; _builder_version=&#8220;4.16&#8243; _module_preset=&#8220;default&#8220; global_colors_info=&#8220;{}&#8220;]<\/p>\n<p style=\"text-align: center;\"><strong>Wenn Sie Fragen haben oder zus\u00e4tzliche Informationen ben\u00f6tigen,<\/strong><br \/><strong>rufen Sie uns bitte an:<\/strong><a href=\"https:\/\/northernholistic.de\/contact\/\"><strong> <\/strong><\/a><strong>+49 30 2332 949 70 oder nutzen Sie unser Kontaktformular unten.<\/strong><\/p>\n<p>[\/et_pb_blurb][\/et_pb_column][\/et_pb_row][et_pb_row column_structure=&#8220;1_3,2_3&#8243; _builder_version=&#8220;4.16&#8243; _module_preset=&#8220;default&#8220; global_colors_info=&#8220;{}&#8220;][et_pb_column type=&#8220;1_3&#8243; _builder_version=&#8220;4.16&#8243; _module_preset=&#8220;default&#8220; global_colors_info=&#8220;{}&#8220;][et_pb_text _builder_version=&#8220;4.19.1&#8243; _module_preset=&#8220;default&#8220; hover_enabled=&#8220;0&#8243; global_colors_info=&#8220;{}&#8220; sticky_enabled=&#8220;0&#8243;]<\/p>\n<h2>\u00d6ffnungszeiten<\/h2>\n<p>Montag 11 \u2013 21 Uhr<\/p>\n<p>Dienstag 11 \u2013 20 Uhr<\/p>\n<p>Mittwoch 11 \u2013 21 Uhr<\/p>\n<p>Donnerstag 11 \u2013 20 Uhr<\/p>\n<p>Freitag 11 \u2013 20 Uhr<\/p>\n<p>Samstag 11 &#8211; 20 Uhr<\/p>\n<p>Sonntag 11 &#8211; 20 Uhr<\/p>\n<p>[\/et_pb_text][\/et_pb_column][et_pb_column type=&#8220;2_3&#8243; _builder_version=&#8220;4.16&#8243; _module_preset=&#8220;default&#8220; global_colors_info=&#8220;{}&#8220;][et_pb_code _builder_version=&#8220;4.16&#8243; _module_preset=&#8220;default&#8220; global_colors_info=&#8220;{}&#8220;]<iframe src=\"https:\/\/www.google.com\/maps\/embed?pb=!1m18!1m12!1m3!1d2429.068569761605!2d13.356348015906612!3d52.49599834575992!2m3!1f0!2f0!3f0!3m2!1i1024!2i768!4f13.1!3m3!1m2!1s0x47a85048ef80a285%3A0x795d200923317813!2sWinterfeldtstra%C3%9Fe%2017%2C%2010781%20Berlin!5e0!3m2!1sen!2sde!4v1629123135536!5m2!1sen!2sde\" width=\"100%\" height=\"450\" style=\"border:0;\" allowfullscreen=\"\" loading=\"lazy\"><\/iframe>[\/et_pb_code][\/et_pb_column][\/et_pb_row][et_pb_row _builder_version=&#8220;4.16&#8243; _module_preset=&#8220;default&#8220; global_colors_info=&#8220;{}&#8220;][et_pb_column type=&#8220;4_4&#8243; _builder_version=&#8220;4.16&#8243; _module_preset=&#8220;default&#8220; global_colors_info=&#8220;{}&#8220;][et_pb_text _builder_version=&#8220;4.16&#8243; _module_preset=&#8220;default&#8220; global_colors_info=&#8220;{}&#8220;]<\/p>\n<h2 style=\"text-align: center;\">Kontakt aufnehmen<\/h2>\n<p>[\/et_pb_text][\/et_pb_column][\/et_pb_row][et_pb_row _builder_version=&#8220;4.16&#8243; _module_preset=&#8220;default&#8220; global_colors_info=&#8220;{}&#8220;][et_pb_column type=&#8220;4_4&#8243; _builder_version=&#8220;4.16&#8243; _module_preset=&#8220;default&#8220; global_colors_info=&#8220;{}&#8220;][et_pb_contact_form email=&#8220;gavin@northernholistic.de&#8220; _builder_version=&#8220;4.16&#8243; _module_preset=&#8220;default&#8220; _unique_id=&#8220;53536648-72d0-42fb-af5d-dff6ca6e7f6d&#8220; global_colors_info=&#8220;{}&#8220;][et_pb_contact_field field_id=&#8220;Name&#8220; field_title=&#8220;Name&#8220; _builder_version=&#8220;4.16&#8243; global_colors_info=&#8220;{}&#8220; button_text_size__hover_enabled=&#8220;off&#8220; button_one_text_size__hover_enabled=&#8220;off&#8220; button_two_text_size__hover_enabled=&#8220;off&#8220; button_text_color__hover_enabled=&#8220;off&#8220; button_one_text_color__hover_enabled=&#8220;off&#8220; button_two_text_color__hover_enabled=&#8220;off&#8220; button_border_width__hover_enabled=&#8220;off&#8220; button_one_border_width__hover_enabled=&#8220;off&#8220; button_two_border_width__hover_enabled=&#8220;off&#8220; button_border_color__hover_enabled=&#8220;off&#8220; button_one_border_color__hover_enabled=&#8220;off&#8220; button_two_border_color__hover_enabled=&#8220;off&#8220; button_border_radius__hover_enabled=&#8220;off&#8220; button_one_border_radius__hover_enabled=&#8220;off&#8220; button_two_border_radius__hover_enabled=&#8220;off&#8220; button_letter_spacing__hover_enabled=&#8220;off&#8220; button_one_letter_spacing__hover_enabled=&#8220;off&#8220; button_two_letter_spacing__hover_enabled=&#8220;off&#8220; button_bg_color__hover_enabled=&#8220;off&#8220; button_one_bg_color__hover_enabled=&#8220;off&#8220; button_two_bg_color__hover_enabled=&#8220;off&#8220;][\/et_pb_contact_field][et_pb_contact_field field_id=&#8220;Email&#8220; field_title=&#8220;E-Mail-Adresse&#8220; field_type=&#8220;email&#8220; _builder_version=&#8220;4.16&#8243; global_colors_info=&#8220;{}&#8220; button_text_size__hover_enabled=&#8220;off&#8220; button_one_text_size__hover_enabled=&#8220;off&#8220; button_two_text_size__hover_enabled=&#8220;off&#8220; button_text_color__hover_enabled=&#8220;off&#8220; button_one_text_color__hover_enabled=&#8220;off&#8220; button_two_text_color__hover_enabled=&#8220;off&#8220; button_border_width__hover_enabled=&#8220;off&#8220; button_one_border_width__hover_enabled=&#8220;off&#8220; button_two_border_width__hover_enabled=&#8220;off&#8220; button_border_color__hover_enabled=&#8220;off&#8220; button_one_border_color__hover_enabled=&#8220;off&#8220; button_two_border_color__hover_enabled=&#8220;off&#8220; button_border_radius__hover_enabled=&#8220;off&#8220; button_one_border_radius__hover_enabled=&#8220;off&#8220; button_two_border_radius__hover_enabled=&#8220;off&#8220; button_letter_spacing__hover_enabled=&#8220;off&#8220; button_one_letter_spacing__hover_enabled=&#8220;off&#8220; button_two_letter_spacing__hover_enabled=&#8220;off&#8220; button_bg_color__hover_enabled=&#8220;off&#8220; button_one_bg_color__hover_enabled=&#8220;off&#8220; button_two_bg_color__hover_enabled=&#8220;off&#8220;][\/et_pb_contact_field][et_pb_contact_field field_id=&#8220;Message&#8220; field_title=&#8220;Nachricht&#8220; field_type=&#8220;text&#8220; fullwidth_field=&#8220;on&#8220; _builder_version=&#8220;4.16&#8243; global_colors_info=&#8220;{}&#8220; button_text_size__hover_enabled=&#8220;off&#8220; button_one_text_size__hover_enabled=&#8220;off&#8220; button_two_text_size__hover_enabled=&#8220;off&#8220; button_text_color__hover_enabled=&#8220;off&#8220; button_one_text_color__hover_enabled=&#8220;off&#8220; button_two_text_color__hover_enabled=&#8220;off&#8220; button_border_width__hover_enabled=&#8220;off&#8220; button_one_border_width__hover_enabled=&#8220;off&#8220; button_two_border_width__hover_enabled=&#8220;off&#8220; button_border_color__hover_enabled=&#8220;off&#8220; button_one_border_color__hover_enabled=&#8220;off&#8220; button_two_border_color__hover_enabled=&#8220;off&#8220; button_border_radius__hover_enabled=&#8220;off&#8220; button_one_border_radius__hover_enabled=&#8220;off&#8220; button_two_border_radius__hover_enabled=&#8220;off&#8220; button_letter_spacing__hover_enabled=&#8220;off&#8220; button_one_letter_spacing__hover_enabled=&#8220;off&#8220; button_two_letter_spacing__hover_enabled=&#8220;off&#8220; button_bg_color__hover_enabled=&#8220;off&#8220; button_one_bg_color__hover_enabled=&#8220;off&#8220; button_two_bg_color__hover_enabled=&#8220;off&#8220;][\/et_pb_contact_field][\/et_pb_contact_form][\/et_pb_column][\/et_pb_row][\/et_pb_section]<\/p>\n","protected":false},"excerpt":{"rendered":"<p>Wir befinden uns in Berlin-Sch\u00f6nebergAnschrift: Winterfeldtstra\u00dfe 17, 10781 BerlinWenn Sie Fragen haben oder zus\u00e4tzliche Informationen ben\u00f6tigen,rufen Sie uns bitte an: +49 30 2332 949 70 oder nutzen Sie unser Kontaktformular unten.\u00d6ffnungszeiten Montag 11 \u2013 21 Uhr Dienstag 11 \u2013 20 Uhr Mittwoch 11 \u2013 21 Uhr Donnerstag 11 \u2013 20 Uhr Freitag 11 \u2013 20 [&hellip;]<\/p>\n","protected":false},"author":1,"featured_media":0,"parent":0,"menu_order":0,"comment_status":"closed","ping_status":"closed","template":"","meta":{"_et_pb_use_builder":"on","_et_pb_old_content":"","_et_gb_content_width":"","footnotes":""},"class_list":["post-493","page","type-page","status-publish","hentry"],"yoast_head":"<!-- This site is optimized with the Yoast SEO plugin v27.4 - https:\/\/yoast.com\/product\/yoast-seo-wordpress\/ -->\n<title>Kontakt - Northern Holistic<\/title>\n<meta name=\"robots\" content=\"index, follow, max-snippet:-1, max-image-preview:large, max-video-preview:-1\" \/>\n<link rel=\"canonical\" href=\"https:\/\/northernholistic.de\/de\/kontaktiere-uns\/\" \/>\n<meta property=\"og:locale\" content=\"de_DE\" \/>\n<meta property=\"og:type\" content=\"article\" \/>\n<meta property=\"og:title\" content=\"Kontakt - Northern Holistic\" \/>\n<meta property=\"og:description\" content=\"Wir befinden uns in Berlin-Sch\u00f6nebergAnschrift: Winterfeldtstra\u00dfe 17, 10781 BerlinWenn Sie Fragen haben oder zus\u00e4tzliche Informationen ben\u00f6tigen,rufen Sie uns bitte an: +49 30 2332 949 70 oder nutzen Sie unser Kontaktformular unten.\u00d6ffnungszeiten Montag 11 \u2013 21 Uhr Dienstag 11 \u2013 20 Uhr Mittwoch 11 \u2013 21 Uhr Donnerstag 11 \u2013 20 Uhr Freitag 11 \u2013 20 [&hellip;]\" \/>\n<meta property=\"og:url\" content=\"https:\/\/northernholistic.de\/de\/kontaktiere-uns\/\" \/>\n<meta property=\"og:site_name\" content=\"Northern Holistic\" \/>\n<meta property=\"article:publisher\" content=\"https:\/\/www.facebook.com\/NorthernHolistic\" \/>\n<meta property=\"article:modified_time\" content=\"2023-03-02T18:33:35+00:00\" \/>\n<meta name=\"twitter:card\" content=\"summary_large_image\" \/>\n<meta name=\"twitter:label1\" content=\"Gesch\u00e4tzte Lesezeit\" \/>\n\t<meta name=\"twitter:data1\" content=\"4\u00a0Minuten\" \/>\n<script type=\"application\/ld+json\" class=\"yoast-schema-graph\">{\"@context\":\"https:\\\/\\\/schema.org\",\"@graph\":[{\"@type\":\"WebPage\",\"@id\":\"https:\\\/\\\/northernholistic.de\\\/de\\\/kontaktiere-uns\\\/\",\"url\":\"https:\\\/\\\/northernholistic.de\\\/de\\\/kontaktiere-uns\\\/\",\"name\":\"Kontakt - Northern Holistic\",\"isPartOf\":{\"@id\":\"https:\\\/\\\/northernholistic.de\\\/de\\\/#website\"},\"datePublished\":\"2021-10-22T11:54:05+00:00\",\"dateModified\":\"2023-03-02T18:33:35+00:00\",\"breadcrumb\":{\"@id\":\"https:\\\/\\\/northernholistic.de\\\/de\\\/kontaktiere-uns\\\/#breadcrumb\"},\"inLanguage\":\"de\",\"potentialAction\":[{\"@type\":\"ReadAction\",\"target\":[\"https:\\\/\\\/northernholistic.de\\\/de\\\/kontaktiere-uns\\\/\"]}]},{\"@type\":\"BreadcrumbList\",\"@id\":\"https:\\\/\\\/northernholistic.de\\\/de\\\/kontaktiere-uns\\\/#breadcrumb\",\"itemListElement\":[{\"@type\":\"ListItem\",\"position\":1,\"name\":\"Home\",\"item\":\"https:\\\/\\\/northernholistic.de\\\/de\\\/zuhause\\\/\"},{\"@type\":\"ListItem\",\"position\":2,\"name\":\"Kontakt\"}]},{\"@type\":\"WebSite\",\"@id\":\"https:\\\/\\\/northernholistic.de\\\/de\\\/#website\",\"url\":\"https:\\\/\\\/northernholistic.de\\\/de\\\/\",\"name\":\"Northern Holistic\",\"description\":\"A centre dedicated to Holistic Therapies\",\"publisher\":{\"@id\":\"https:\\\/\\\/northernholistic.de\\\/de\\\/#organization\"},\"potentialAction\":[{\"@type\":\"SearchAction\",\"target\":{\"@type\":\"EntryPoint\",\"urlTemplate\":\"https:\\\/\\\/northernholistic.de\\\/de\\\/?s={search_term_string}\"},\"query-input\":{\"@type\":\"PropertyValueSpecification\",\"valueRequired\":true,\"valueName\":\"search_term_string\"}}],\"inLanguage\":\"de\"},{\"@type\":\"Organization\",\"@id\":\"https:\\\/\\\/northernholistic.de\\\/de\\\/#organization\",\"name\":\"Northern Holistic\",\"url\":\"https:\\\/\\\/northernholistic.de\\\/de\\\/\",\"logo\":{\"@type\":\"ImageObject\",\"inLanguage\":\"de\",\"@id\":\"https:\\\/\\\/northernholistic.de\\\/de\\\/#\\\/schema\\\/logo\\\/image\\\/\",\"url\":\"https:\\\/\\\/northernholistic.de\\\/wp-content\\\/uploads\\\/2021\\\/05\\\/Noho-New-Transparent.png\",\"contentUrl\":\"https:\\\/\\\/northernholistic.de\\\/wp-content\\\/uploads\\\/2021\\\/05\\\/Noho-New-Transparent.png\",\"width\":608,\"height\":314,\"caption\":\"Northern Holistic\"},\"image\":{\"@id\":\"https:\\\/\\\/northernholistic.de\\\/de\\\/#\\\/schema\\\/logo\\\/image\\\/\"},\"sameAs\":[\"https:\\\/\\\/www.facebook.com\\\/NorthernHolistic\"]}]}<\/script>\n<!-- \/ Yoast SEO plugin. -->","yoast_head_json":{"title":"Kontakt - Northern Holistic","robots":{"index":"index","follow":"follow","max-snippet":"max-snippet:-1","max-image-preview":"max-image-preview:large","max-video-preview":"max-video-preview:-1"},"canonical":"https:\/\/northernholistic.de\/de\/kontaktiere-uns\/","og_locale":"de_DE","og_type":"article","og_title":"Kontakt - Northern Holistic","og_description":"Wir befinden uns in Berlin-Sch\u00f6nebergAnschrift: Winterfeldtstra\u00dfe 17, 10781 BerlinWenn Sie Fragen haben oder zus\u00e4tzliche Informationen ben\u00f6tigen,rufen Sie uns bitte an: +49 30 2332 949 70 oder nutzen Sie unser Kontaktformular unten.\u00d6ffnungszeiten Montag 11 \u2013 21 Uhr Dienstag 11 \u2013 20 Uhr Mittwoch 11 \u2013 21 Uhr Donnerstag 11 \u2013 20 Uhr Freitag 11 \u2013 20 [&hellip;]","og_url":"https:\/\/northernholistic.de\/de\/kontaktiere-uns\/","og_site_name":"Northern Holistic","article_publisher":"https:\/\/www.facebook.com\/NorthernHolistic","article_modified_time":"2023-03-02T18:33:35+00:00","twitter_card":"summary_large_image","twitter_misc":{"Gesch\u00e4tzte Lesezeit":"4\u00a0Minuten"},"schema":{"@context":"https:\/\/schema.org","@graph":[{"@type":"WebPage","@id":"https:\/\/northernholistic.de\/de\/kontaktiere-uns\/","url":"https:\/\/northernholistic.de\/de\/kontaktiere-uns\/","name":"Kontakt - Northern Holistic","isPartOf":{"@id":"https:\/\/northernholistic.de\/de\/#website"},"datePublished":"2021-10-22T11:54:05+00:00","dateModified":"2023-03-02T18:33:35+00:00","breadcrumb":{"@id":"https:\/\/northernholistic.de\/de\/kontaktiere-uns\/#breadcrumb"},"inLanguage":"de","potentialAction":[{"@type":"ReadAction","target":["https:\/\/northernholistic.de\/de\/kontaktiere-uns\/"]}]},{"@type":"BreadcrumbList","@id":"https:\/\/northernholistic.de\/de\/kontaktiere-uns\/#breadcrumb","itemListElement":[{"@type":"ListItem","position":1,"name":"Home","item":"https:\/\/northernholistic.de\/de\/zuhause\/"},{"@type":"ListItem","position":2,"name":"Kontakt"}]},{"@type":"WebSite","@id":"https:\/\/northernholistic.de\/de\/#website","url":"https:\/\/northernholistic.de\/de\/","name":"Northern Holistic","description":"A centre dedicated to Holistic Therapies","publisher":{"@id":"https:\/\/northernholistic.de\/de\/#organization"},"potentialAction":[{"@type":"SearchAction","target":{"@type":"EntryPoint","urlTemplate":"https:\/\/northernholistic.de\/de\/?s={search_term_string}"},"query-input":{"@type":"PropertyValueSpecification","valueRequired":true,"valueName":"search_term_string"}}],"inLanguage":"de"},{"@type":"Organization","@id":"https:\/\/northernholistic.de\/de\/#organization","name":"Northern Holistic","url":"https:\/\/northernholistic.de\/de\/","logo":{"@type":"ImageObject","inLanguage":"de","@id":"https:\/\/northernholistic.de\/de\/#\/schema\/logo\/image\/","url":"https:\/\/northernholistic.de\/wp-content\/uploads\/2021\/05\/Noho-New-Transparent.png","contentUrl":"https:\/\/northernholistic.de\/wp-content\/uploads\/2021\/05\/Noho-New-Transparent.png","width":608,"height":314,"caption":"Northern Holistic"},"image":{"@id":"https:\/\/northernholistic.de\/de\/#\/schema\/logo\/image\/"},"sameAs":["https:\/\/www.facebook.com\/NorthernHolistic"]}]}},"_links":{"self":[{"href":"https:\/\/northernholistic.de\/de\/wp-json\/wp\/v2\/pages\/493","targetHints":{"allow":["GET"]}}],"collection":[{"href":"https:\/\/northernholistic.de\/de\/wp-json\/wp\/v2\/pages"}],"about":[{"href":"https:\/\/northernholistic.de\/de\/wp-json\/wp\/v2\/types\/page"}],"author":[{"embeddable":true,"href":"https:\/\/northernholistic.de\/de\/wp-json\/wp\/v2\/users\/1"}],"replies":[{"embeddable":true,"href":"https:\/\/northernholistic.de\/de\/wp-json\/wp\/v2\/comments?post=493"}],"version-history":[{"count":0,"href":"https:\/\/northernholistic.de\/de\/wp-json\/wp\/v2\/pages\/493\/revisions"}],"wp:attachment":[{"href":"https:\/\/northernholistic.de\/de\/wp-json\/wp\/v2\/media?parent=493"}],"curies":[{"name":"wp","href":"https:\/\/api.w.org\/{rel}","templated":true}]}}