{"id":1919,"date":"2024-05-11T16:30:35","date_gmt":"2024-05-11T14:30:35","guid":{"rendered":"https:\/\/northernholistic.de\/?page_id=1919"},"modified":"2024-05-12T12:55:05","modified_gmt":"2024-05-12T10:55:05","slug":"vertragsbeginn","status":"publish","type":"page","link":"https:\/\/northernholistic.de\/de\/vertragsbeginn\/","title":{"rendered":"Vertragsbeginn"},"content":{"rendered":"<p>[et_pb_section fb_built=&#8220;1&#8243; _builder_version=&#8220;4.23.1&#8243; _module_preset=&#8220;default&#8220; global_colors_info=&#8220;{}&#8220;][et_pb_row _builder_version=&#8220;4.23.1&#8243; _module_preset=&#8220;default&#8220; global_colors_info=&#8220;{}&#8220;][et_pb_column type=&#8220;4_4&#8243; _builder_version=&#8220;4.23.1&#8243; _module_preset=&#8220;default&#8220; global_colors_info=&#8220;{}&#8220;][et_pb_text _builder_version=&#8220;4.23.1&#8243; _module_preset=&#8220;default&#8220; global_colors_info=&#8220;{}&#8220;]<\/p>\n<h1 style=\"text-align: center;\"><strong>Allgemeine Gesch\u00e4ftsbedingungen (AGB) <\/strong><\/h1>\n<p>[\/et_pb_text][\/et_pb_column][\/et_pb_row][et_pb_row column_structure=&#8220;1_2,1_2&#8243; _builder_version=&#8220;4.23.1&#8243; _module_preset=&#8220;default&#8220; global_colors_info=&#8220;{}&#8220;][et_pb_column type=&#8220;1_2&#8243; _builder_version=&#8220;4.23.1&#8243; _module_preset=&#8220;default&#8220; global_colors_info=&#8220;{}&#8220;][et_pb_text _builder_version=&#8220;4.23.1&#8243; _module_preset=&#8220;default&#8220; global_colors_info=&#8220;{}&#8220;]<\/p>\n<h1>\u00a7 1 Gegenstand und Vertragsbeginn<\/h1>\n<p>Gegenstand der angebotenen Leistungen sind Wellness-Massagen und -Anwendungen. Das Vertragsverh\u00e4ltnis zwischen dem Northern Holistic und dem Kunden <br \/>kommt erst durch das Ankreuzen des&#8230; Buchungsvorgang zustande.Der Pr\u00e4ventionsvertrag ist ein Dienstvertrag gem\u00e4\u00df \u00a7\u00a7 611 ff BGB.<\/p>\n<h1>\u00a7 2 Allgemeine Hinweise<\/h1>\n<p>Den Angeboten und Vereinbarungen liegen die nachstehenden Bedingungen zugrunde. Mit der Bezeichnung Kunde\/Kunden werden folgend alle Geschlechter gleicherma\u00dfen angesprochen.<\/p>\n<h1>\u00a7 3 Leistungen Allgemein<\/h1>\n<p>Alle Leistungen des Masseurs dienen der Entspannung \/ Wellness \/ Pr\u00e4vention. Es werden weder Diagnosen gestellt noch Heilversprechen abgegeben. Dar\u00fcber hinaus ersetzen die Angebote keinen Besuch bei einem Arzt, Heilpraktiker oder psychologischen Therapeuten.<\/p>\n<h1>\u00a7 4 Kontraindikationen<\/h1>\n<p>Massagen \/ Anwendungen werden ausschlie\u00dflich an gesunden Kunden auf deren ausdr\u00fccklichen Wunsch durchgef\u00fchrt. Der Kunde versichert, dass er seines Wissens nach frei von k\u00f6rperlichen Gebrechen und psychischen Erkrankungen ist, die einer Massage \/ Anwendung entgegenstehen. Er wird jeweils VOR der Erbringung der Massage \/ Anwendung gefragt, ob er seines Wissens frei von Krankheiten und Beschwerden ist, die der gew\u00fcnschten Leistung im Wege stehen. Eine Massage \/ Anwendung unter Alkohol- und Drogeneinfluss wird ersatzlos abgelehnt. Von Massagen mit vollem Magen wird abgeraten. Sollten andere Beschwerden vorliegen (wie z. B. Allergien, k\u00f6rperliche Einschr\u00e4nkungen, eine empfindliche Haut oder eine Schwangerschaft, psychische Erkrankungen etc.), wird der Kunde dies mit seinem Arzt besprechen und den Masseur dar\u00fcber vorab informieren. Sollte der Kunde nicht an Massagen gew\u00f6hnt sein, kann es in seltenen F\u00e4llen zu unerw\u00fcnschten Reaktionen (z.B. Hitzewallungen und Muskelkater) kommen, die allerdings rasch wieder abklingen und keine bleibenden Sch\u00e4den hinterlassen. Massagen \/ Anwendungen k\u00f6nnen auch psychische Wirkungen ausl\u00f6sen und d\u00fcrfen nur bei gesunden Personen erbracht werden. Es wird darauf hingewiesen, dass keine erotischen Dienstleistungen angeboten werden. Sexuelle Anspielungen und \u00dcbergriffe f\u00fchren zum sofortigen Ende der Massage und haben rechtliche Konsequenzen. Grundlage f\u00fcr das Aus\u00fcben von Wellness-Massagen in Deutschland ist die EU-Verordnung Nr. 96919020 (KNIF) der VALO-Gesetze vom 17.01.2012.<\/p>\n<h1>\u00a7 5 Haftungsausschluss<\/h1>\n<p>Treten trotz fachkundiger Massagen \/ Anwendungen (Folge-) Sch\u00e4den auf, die darauf zur\u00fcckzuf\u00fchren sind, dass ein Kunde Ausschlussgr\u00fcnde verschwiegen hat, ist der Masseur von jeder Haftung freigestellt. Gleiches gilt f\u00fcr Sch\u00e4den eines dem Kunden selbst nicht bekannten Ausschlussgrunds, die f\u00fcr der Masseur oder seinen Erf\u00fcllungsgehilfen nicht erkennbar sind.<\/p>\n<p>[\/et_pb_text][\/et_pb_column][et_pb_column type=&#8220;1_2&#8243; _builder_version=&#8220;4.23.1&#8243; _module_preset=&#8220;default&#8220; global_colors_info=&#8220;{}&#8220;][et_pb_text _builder_version=&#8220;4.23.1&#8243; _module_preset=&#8220;default&#8220; global_colors_info=&#8220;{}&#8220;]<\/p>\n<h1>\u00a7 6 Massage- \/ Anwendungszeit<\/h1>\n<p>Die Preise aller angebotenen Massagen \/ Anwendungen beziehen sich auf die Massage- \/ Anwendungszeit inklusive kurzem Vorgespr\u00e4ch und Nachruhen.<\/p>\n<h1>\u00a7 7 Termine<\/h1>\n<p>Termine k\u00f6nnen ausschlie\u00dflich per Email vereinbart werden und sind nach Best\u00e4tigung verbindlich. Der Kunde wird gebeten, vereinbarte Termine einzuhalten, um einen reibungslosen Ablauf zu gew\u00e4hrleisten. Im Falle einer Versp\u00e4tung des Kunden reduziert sich die Massage- \/ Anwendungszeit entsprechend. F\u00fcr eine vereinbarte, aber nicht in Anspruch genommene Leistung hat der Kunde keinen Ersatzanspruch. Die Ausfallzeit wird in Rechnung gestellt.<\/p>\n<h1>\u00a7 8 Preise und Bezahlung<\/h1>\n<p>Die Bezahlung der Leistung hat direkt nach deren Erbringung zu erfolgen. Das Bestehen auf Anzahlung oder Vorkasse wird vorbehalten. Auf Wunsch erh\u00e4lt der Kunde eine Quittung\/Rechnung. Eine Abrechnung mit einer gesetzlichen Krankenkasse, privaten Krankenversicherung oder Beihilfe ist nicht m\u00f6glich.<\/p>\n<h1>\u00a7 9 R\u00fccktrittsmodalit\u00e4ten<\/h1>\n<p>Der Kunde kann Termine bis sp\u00e4testens 24 Stunden vor dem Termin kostenlos stornieren. Bei kurzfristigerer Stornierung oder Nichterscheinen wird sich vorbehalten, die gebuchten Leistungen dennoch in Rechnung zu stellen. Die Einforderung erotischer Massagen oder Leistungen, die aufgrund eines bestehenden gesundheitlichen Risikos oder aus gesetzlichen Gr\u00fcnden nicht vorgenommen werden k\u00f6nnen \/ d\u00fcrfen, berechtigen noch vor der vollst\u00e4ndigen Vertragserf\u00fcllung vom Vertrag zur\u00fccktreten. Beide Parteien haben das Recht, vor der vollst\u00e4ndigen Erf\u00fcllung des Pr\u00e4ventionsvertrages vom Pr\u00e4ventionsvertrag zur\u00fcckzutreten, wenn das Vertrauensverh\u00e4ltnis so gest\u00f6rt ist, dass eine Fortsetzung der Leistung nicht zumutbar w\u00e4re. Ein Anspruch auf Bezahlung besteht lediglich f\u00fcr die bis zum R\u00fccktrittszeitpunkt erbrachten Leistungen.<\/p>\n<h1>\u00a7 10 Schlussbestimmungen<\/h1>\n<p>Auf die vertraglichen Beziehungen zwischen dem Masseur und dem Kunden findet deutsches Recht Anwendung. Sofern eine Bestimmung dieser AGB unwirksam ist, bleiben die \u00fcbrigen Bestimmungen davon unber\u00fchrt.<\/p>\n<p>[\/et_pb_text][\/et_pb_column][\/et_pb_row][\/et_pb_section]<\/p>\n","protected":false},"excerpt":{"rendered":"<p>Allgemeine Gesch\u00e4ftsbedingungen (AGB) \u00a7 1 Gegenstand und Vertragsbeginn Gegenstand der angebotenen Leistungen sind Wellness-Massagen und -Anwendungen. Das Vertragsverh\u00e4ltnis zwischen dem Northern Holistic und dem Kunden kommt erst durch das Ankreuzen des&#8230; Buchungsvorgang zustande.Der Pr\u00e4ventionsvertrag ist ein Dienstvertrag gem\u00e4\u00df \u00a7\u00a7 611 ff BGB. \u00a7 2 Allgemeine Hinweise Den Angeboten und Vereinbarungen liegen die nachstehenden Bedingungen zugrunde. [&hellip;]<\/p>\n","protected":false},"author":2,"featured_media":0,"parent":0,"menu_order":0,"comment_status":"closed","ping_status":"closed","template":"","meta":{"_et_pb_use_builder":"on","_et_pb_old_content":"","_et_gb_content_width":"","footnotes":""},"class_list":["post-1919","page","type-page","status-publish","hentry"],"yoast_head":"<!-- This site is optimized with the Yoast SEO plugin v27.5 - https:\/\/yoast.com\/product\/yoast-seo-wordpress\/ -->\n<title>Vertragsbeginn - Northern Holistic<\/title>\n<meta name=\"robots\" content=\"index, follow, max-snippet:-1, max-image-preview:large, max-video-preview:-1\" \/>\n<link rel=\"canonical\" href=\"https:\/\/northernholistic.de\/de\/vertragsbeginn\/\" \/>\n<meta property=\"og:locale\" content=\"de_DE\" \/>\n<meta property=\"og:type\" content=\"article\" \/>\n<meta property=\"og:title\" content=\"Vertragsbeginn - Northern Holistic\" \/>\n<meta property=\"og:description\" content=\"Allgemeine Gesch\u00e4ftsbedingungen (AGB) \u00a7 1 Gegenstand und Vertragsbeginn Gegenstand der angebotenen Leistungen sind Wellness-Massagen und -Anwendungen. Das Vertragsverh\u00e4ltnis zwischen dem Northern Holistic und dem Kunden kommt erst durch das Ankreuzen des... Buchungsvorgang zustande.Der Pr\u00e4ventionsvertrag ist ein Dienstvertrag gem\u00e4\u00df \u00a7\u00a7 611 ff BGB. \u00a7 2 Allgemeine Hinweise Den Angeboten und Vereinbarungen liegen die nachstehenden Bedingungen zugrunde. [&hellip;]\" \/>\n<meta property=\"og:url\" content=\"https:\/\/northernholistic.de\/de\/vertragsbeginn\/\" \/>\n<meta property=\"og:site_name\" content=\"Northern Holistic\" \/>\n<meta property=\"article:publisher\" content=\"https:\/\/www.facebook.com\/NorthernHolistic\" \/>\n<meta property=\"article:modified_time\" content=\"2024-05-12T10:55:05+00:00\" \/>\n<meta name=\"twitter:card\" content=\"summary_large_image\" \/>\n<meta name=\"twitter:label1\" content=\"Gesch\u00e4tzte Lesezeit\" \/>\n\t<meta name=\"twitter:data1\" content=\"3\u00a0Minuten\" \/>\n<script type=\"application\/ld+json\" class=\"yoast-schema-graph\">{\"@context\":\"https:\\\/\\\/schema.org\",\"@graph\":[{\"@type\":\"WebPage\",\"@id\":\"https:\\\/\\\/northernholistic.de\\\/de\\\/vertragsbeginn\\\/\",\"url\":\"https:\\\/\\\/northernholistic.de\\\/de\\\/vertragsbeginn\\\/\",\"name\":\"Vertragsbeginn - Northern Holistic\",\"isPartOf\":{\"@id\":\"https:\\\/\\\/northernholistic.de\\\/de\\\/#website\"},\"datePublished\":\"2024-05-11T14:30:35+00:00\",\"dateModified\":\"2024-05-12T10:55:05+00:00\",\"breadcrumb\":{\"@id\":\"https:\\\/\\\/northernholistic.de\\\/de\\\/vertragsbeginn\\\/#breadcrumb\"},\"inLanguage\":\"de\",\"potentialAction\":[{\"@type\":\"ReadAction\",\"target\":[\"https:\\\/\\\/northernholistic.de\\\/de\\\/vertragsbeginn\\\/\"]}]},{\"@type\":\"BreadcrumbList\",\"@id\":\"https:\\\/\\\/northernholistic.de\\\/de\\\/vertragsbeginn\\\/#breadcrumb\",\"itemListElement\":[{\"@type\":\"ListItem\",\"position\":1,\"name\":\"Home\",\"item\":\"https:\\\/\\\/northernholistic.de\\\/de\\\/zuhause\\\/\"},{\"@type\":\"ListItem\",\"position\":2,\"name\":\"Vertragsbeginn\"}]},{\"@type\":\"WebSite\",\"@id\":\"https:\\\/\\\/northernholistic.de\\\/de\\\/#website\",\"url\":\"https:\\\/\\\/northernholistic.de\\\/de\\\/\",\"name\":\"Northern Holistic\",\"description\":\"A centre dedicated to Holistic Therapies\",\"publisher\":{\"@id\":\"https:\\\/\\\/northernholistic.de\\\/de\\\/#organization\"},\"potentialAction\":[{\"@type\":\"SearchAction\",\"target\":{\"@type\":\"EntryPoint\",\"urlTemplate\":\"https:\\\/\\\/northernholistic.de\\\/de\\\/?s={search_term_string}\"},\"query-input\":{\"@type\":\"PropertyValueSpecification\",\"valueRequired\":true,\"valueName\":\"search_term_string\"}}],\"inLanguage\":\"de\"},{\"@type\":\"Organization\",\"@id\":\"https:\\\/\\\/northernholistic.de\\\/de\\\/#organization\",\"name\":\"Northern Holistic\",\"url\":\"https:\\\/\\\/northernholistic.de\\\/de\\\/\",\"logo\":{\"@type\":\"ImageObject\",\"inLanguage\":\"de\",\"@id\":\"https:\\\/\\\/northernholistic.de\\\/de\\\/#\\\/schema\\\/logo\\\/image\\\/\",\"url\":\"https:\\\/\\\/northernholistic.de\\\/wp-content\\\/uploads\\\/2021\\\/05\\\/Noho-New-Transparent.png\",\"contentUrl\":\"https:\\\/\\\/northernholistic.de\\\/wp-content\\\/uploads\\\/2021\\\/05\\\/Noho-New-Transparent.png\",\"width\":608,\"height\":314,\"caption\":\"Northern Holistic\"},\"image\":{\"@id\":\"https:\\\/\\\/northernholistic.de\\\/de\\\/#\\\/schema\\\/logo\\\/image\\\/\"},\"sameAs\":[\"https:\\\/\\\/www.facebook.com\\\/NorthernHolistic\"]}]}<\/script>\n<!-- \/ Yoast SEO plugin. -->","yoast_head_json":{"title":"Vertragsbeginn - Northern Holistic","robots":{"index":"index","follow":"follow","max-snippet":"max-snippet:-1","max-image-preview":"max-image-preview:large","max-video-preview":"max-video-preview:-1"},"canonical":"https:\/\/northernholistic.de\/de\/vertragsbeginn\/","og_locale":"de_DE","og_type":"article","og_title":"Vertragsbeginn - Northern Holistic","og_description":"Allgemeine Gesch\u00e4ftsbedingungen (AGB) \u00a7 1 Gegenstand und Vertragsbeginn Gegenstand der angebotenen Leistungen sind Wellness-Massagen und -Anwendungen. Das Vertragsverh\u00e4ltnis zwischen dem Northern Holistic und dem Kunden kommt erst durch das Ankreuzen des... Buchungsvorgang zustande.Der Pr\u00e4ventionsvertrag ist ein Dienstvertrag gem\u00e4\u00df \u00a7\u00a7 611 ff BGB. \u00a7 2 Allgemeine Hinweise Den Angeboten und Vereinbarungen liegen die nachstehenden Bedingungen zugrunde. [&hellip;]","og_url":"https:\/\/northernholistic.de\/de\/vertragsbeginn\/","og_site_name":"Northern Holistic","article_publisher":"https:\/\/www.facebook.com\/NorthernHolistic","article_modified_time":"2024-05-12T10:55:05+00:00","twitter_card":"summary_large_image","twitter_misc":{"Gesch\u00e4tzte Lesezeit":"3\u00a0Minuten"},"schema":{"@context":"https:\/\/schema.org","@graph":[{"@type":"WebPage","@id":"https:\/\/northernholistic.de\/de\/vertragsbeginn\/","url":"https:\/\/northernholistic.de\/de\/vertragsbeginn\/","name":"Vertragsbeginn - Northern Holistic","isPartOf":{"@id":"https:\/\/northernholistic.de\/de\/#website"},"datePublished":"2024-05-11T14:30:35+00:00","dateModified":"2024-05-12T10:55:05+00:00","breadcrumb":{"@id":"https:\/\/northernholistic.de\/de\/vertragsbeginn\/#breadcrumb"},"inLanguage":"de","potentialAction":[{"@type":"ReadAction","target":["https:\/\/northernholistic.de\/de\/vertragsbeginn\/"]}]},{"@type":"BreadcrumbList","@id":"https:\/\/northernholistic.de\/de\/vertragsbeginn\/#breadcrumb","itemListElement":[{"@type":"ListItem","position":1,"name":"Home","item":"https:\/\/northernholistic.de\/de\/zuhause\/"},{"@type":"ListItem","position":2,"name":"Vertragsbeginn"}]},{"@type":"WebSite","@id":"https:\/\/northernholistic.de\/de\/#website","url":"https:\/\/northernholistic.de\/de\/","name":"Northern Holistic","description":"A centre dedicated to Holistic Therapies","publisher":{"@id":"https:\/\/northernholistic.de\/de\/#organization"},"potentialAction":[{"@type":"SearchAction","target":{"@type":"EntryPoint","urlTemplate":"https:\/\/northernholistic.de\/de\/?s={search_term_string}"},"query-input":{"@type":"PropertyValueSpecification","valueRequired":true,"valueName":"search_term_string"}}],"inLanguage":"de"},{"@type":"Organization","@id":"https:\/\/northernholistic.de\/de\/#organization","name":"Northern Holistic","url":"https:\/\/northernholistic.de\/de\/","logo":{"@type":"ImageObject","inLanguage":"de","@id":"https:\/\/northernholistic.de\/de\/#\/schema\/logo\/image\/","url":"https:\/\/northernholistic.de\/wp-content\/uploads\/2021\/05\/Noho-New-Transparent.png","contentUrl":"https:\/\/northernholistic.de\/wp-content\/uploads\/2021\/05\/Noho-New-Transparent.png","width":608,"height":314,"caption":"Northern Holistic"},"image":{"@id":"https:\/\/northernholistic.de\/de\/#\/schema\/logo\/image\/"},"sameAs":["https:\/\/www.facebook.com\/NorthernHolistic"]}]}},"_links":{"self":[{"href":"https:\/\/northernholistic.de\/de\/wp-json\/wp\/v2\/pages\/1919","targetHints":{"allow":["GET"]}}],"collection":[{"href":"https:\/\/northernholistic.de\/de\/wp-json\/wp\/v2\/pages"}],"about":[{"href":"https:\/\/northernholistic.de\/de\/wp-json\/wp\/v2\/types\/page"}],"author":[{"embeddable":true,"href":"https:\/\/northernholistic.de\/de\/wp-json\/wp\/v2\/users\/2"}],"replies":[{"embeddable":true,"href":"https:\/\/northernholistic.de\/de\/wp-json\/wp\/v2\/comments?post=1919"}],"version-history":[{"count":0,"href":"https:\/\/northernholistic.de\/de\/wp-json\/wp\/v2\/pages\/1919\/revisions"}],"wp:attachment":[{"href":"https:\/\/northernholistic.de\/de\/wp-json\/wp\/v2\/media?parent=1919"}],"curies":[{"name":"wp","href":"https:\/\/api.w.org\/{rel}","templated":true}]}}